{"id":3962,"date":"2024-03-07T14:25:31","date_gmt":"2024-03-07T13:25:31","guid":{"rendered":"https:\/\/www.kaerelskincare.com\/winkel\/tester\/"},"modified":"2024-03-07T14:58:39","modified_gmt":"2024-03-07T13:58:39","slug":"tester","status":"publish","type":"product","link":"https:\/\/www.kaerelskincare.com\/de\/winkel\/tester\/","title":{"rendered":"Tester"},"content":{"rendered":"","protected":false},"excerpt":{"rendered":"<h3>Bestellen Sie einen Kaerel-Hautpflegetester<\/h3>\n<p>Sind Sie neugierig auf Kaerel-Produkte, m\u00f6chten sie aber zuerst testen? Was kann! Sie k\u00f6nnen einen Tester hier bestellen.<\/p>\n<p>Wenn Sie zufrieden sind und bestellen m\u00f6chten, werden Ihnen die Kosten f\u00fcr den Tester erstattet. Nutzen Sie hierf\u00fcr die Bestellnummer der Testerbestellung.<\/p>\n<p>Sie erhalten einen Tester mit Shampoo &amp; Duschgel und Gesichtscreme.<\/p>\n","protected":false},"featured_media":0,"comment_status":"closed","ping_status":"closed","template":"","meta":{"_joinchat":[]},"product_brand":[],"product_cat":[187],"product_tag":[],"class_list":{"0":"post-3962","1":"product","2":"type-product","3":"status-publish","5":"product_cat-geen-onderdeel-van-een-categorie-de","6":"product_shipping_class-tester-versand","7":"description-off","9":"first","10":"instock","11":"shipping-taxable","12":"purchasable","13":"product-type-simple"},"_links":{"self":[{"href":"https:\/\/www.kaerelskincare.com\/de\/wp-json\/wp\/v2\/product\/3962","targetHints":{"allow":["GET"]}}],"collection":[{"href":"https:\/\/www.kaerelskincare.com\/de\/wp-json\/wp\/v2\/product"}],"about":[{"href":"https:\/\/www.kaerelskincare.com\/de\/wp-json\/wp\/v2\/types\/product"}],"replies":[{"embeddable":true,"href":"https:\/\/www.kaerelskincare.com\/de\/wp-json\/wp\/v2\/comments?post=3962"}],"wp:attachment":[{"href":"https:\/\/www.kaerelskincare.com\/de\/wp-json\/wp\/v2\/media?parent=3962"}],"wp:term":[{"taxonomy":"product_brand","embeddable":true,"href":"https:\/\/www.kaerelskincare.com\/de\/wp-json\/wp\/v2\/product_brand?post=3962"},{"taxonomy":"product_cat","embeddable":true,"href":"https:\/\/www.kaerelskincare.com\/de\/wp-json\/wp\/v2\/product_cat?post=3962"},{"taxonomy":"product_tag","embeddable":true,"href":"https:\/\/www.kaerelskincare.com\/de\/wp-json\/wp\/v2\/product_tag?post=3962"}],"curies":[{"name":"wp","href":"https:\/\/api.w.org\/{rel}","templated":true}]}}