{"id":3070,"date":"2022-05-13T13:21:12","date_gmt":"2022-05-13T12:21:12","guid":{"rendered":"https:\/\/www.kaerelskincare.com\/winkel\/kaerel-shaving-set\/"},"modified":"2023-08-14T09:22:40","modified_gmt":"2023-08-14T08:22:40","slug":"kaerel-rasier-set","status":"publish","type":"product","link":"https:\/\/www.kaerelskincare.com\/de\/winkel\/kaerel-rasier-set\/","title":{"rendered":"KAEREL RAISIER SET"},"content":{"rendered":"","protected":false},"excerpt":{"rendered":"<h3>SMOOTH AND CALM<\/h3>\n<p>Glatt rasiert. Sanft und pflegend zur Haut.<br \/>\nEgal wann. Kein Quatsch. #crapfreeforall<\/p>\n<p>&nbsp;<\/p>\n<h3>EINFACH EINE GUTE RASIERUNG ZU HAUSE<\/h3>\n<p>Mit dem Kaerel Rasierset haben Sie das perfekte Duo f\u00fcr eine gr\u00fcndliche und saubere Rasur. Sch\u00f6ne Kombination f\u00fcr sich selbst oder zum Verschenken.<\/p>\n<p>Das Set besteht aus folgenden Produkten:<\/p>\n<ul>\n<li><a href=\"https:\/\/www.kaerelskincare.com\/de\/winkel\/kaerel-rasiercreme\/\">Kaerel raisiercreme<\/a> &#8211; 100ml<\/li>\n<li><a href=\"https:\/\/www.kaerelskincare.com\/de\/winkel\/kaerel-aftershave-balsam\/\">Kaerel aftershave balsam<\/a> &#8211; 100ml<\/li>\n<\/ul>\n<p>&nbsp;<\/p>\n<p><strong>VEGAN<\/strong><\/p>\n<p><strong>Enth\u00e4lt weder Parabene noch Mineral\u00f6le, Natriumlaurylethersulfat (SLES), synthetische Duft- und Farbstoffe oder synthetische Konservierungsmittel.\u00a0<\/strong><\/p>\n<p><strong>Made in EU<\/strong><\/p>\n","protected":false},"featured_media":3076,"comment_status":"closed","ping_status":"closed","template":"","meta":{"_joinchat":[]},"product_brand":[],"product_cat":[201],"product_tag":[202,203,204],"class_list":{"0":"post-3070","1":"product","2":"type-product","3":"status-publish","4":"has-post-thumbnail","6":"product_cat-gift-de","7":"product_tag-cadeau-de","8":"product_tag-gift-de","9":"product_tag-scheren-de","10":"description-off","12":"first","13":"instock","14":"shipping-taxable","15":"purchasable","16":"product-type-simple"},"_links":{"self":[{"href":"https:\/\/www.kaerelskincare.com\/de\/wp-json\/wp\/v2\/product\/3070","targetHints":{"allow":["GET"]}}],"collection":[{"href":"https:\/\/www.kaerelskincare.com\/de\/wp-json\/wp\/v2\/product"}],"about":[{"href":"https:\/\/www.kaerelskincare.com\/de\/wp-json\/wp\/v2\/types\/product"}],"replies":[{"embeddable":true,"href":"https:\/\/www.kaerelskincare.com\/de\/wp-json\/wp\/v2\/comments?post=3070"}],"wp:featuredmedia":[{"embeddable":true,"href":"https:\/\/www.kaerelskincare.com\/de\/wp-json\/wp\/v2\/media\/3076"}],"wp:attachment":[{"href":"https:\/\/www.kaerelskincare.com\/de\/wp-json\/wp\/v2\/media?parent=3070"}],"wp:term":[{"taxonomy":"product_brand","embeddable":true,"href":"https:\/\/www.kaerelskincare.com\/de\/wp-json\/wp\/v2\/product_brand?post=3070"},{"taxonomy":"product_cat","embeddable":true,"href":"https:\/\/www.kaerelskincare.com\/de\/wp-json\/wp\/v2\/product_cat?post=3070"},{"taxonomy":"product_tag","embeddable":true,"href":"https:\/\/www.kaerelskincare.com\/de\/wp-json\/wp\/v2\/product_tag?post=3070"}],"curies":[{"name":"wp","href":"https:\/\/api.w.org\/{rel}","templated":true}]}}