{"id":2842,"date":"2017-04-27T07:26:57","date_gmt":"2017-04-27T06:26:57","guid":{"rendered":"https:\/\/www.kaerelskincare.com\/winkel\/shampoo-douchegel\/"},"modified":"2025-06-08T23:24:54","modified_gmt":"2025-06-08T22:24:54","slug":"shampoo-duschgel","status":"publish","type":"product","link":"https:\/\/www.kaerelskincare.com\/de\/winkel\/shampoo-duschgel\/","title":{"rendered":"KAEREL SHAMPOO &#038; DUSCHGEL"},"content":{"rendered":"<p>&nbsp;<\/p>\n<p>&nbsp;<\/p>\n","protected":false},"excerpt":{"rendered":"<h3>WASH AWAY<\/h3>\n<p>Nat\u00fcrliches Shampoo &amp; Duschgel. Sch\u00e4umt nicht wirklich. Nat\u00fcrliche Sachen sch\u00e4umen nicht so stark, tun aber, was sie tun sollen.<br \/>\nEgal wann. Kein Quatsch. #crapfreeforall<\/p>\n<h3>SHAMPOO &amp; DUSCHGEL<\/h3>\n<p>Kaerel Shampoo &amp; Duschgel ist ein 2-in-1-Produkt f\u00fcrs Haar und f\u00fcr den K\u00f6rper. Wie praktisch! Das Gel ist wirkungsvoll und mild. Die einzigartige Zusammensetzung sorgt daf\u00fcr, dass Ihre Haare sch\u00f6n sauber werden und die Haut gleichzeitig weicher.\u00a0Das Gel hinterl\u00e4sst einen angenehmen, nat\u00fcrlichen Duft. Jeden Tag wieder.<\/p>\n<p><strong>VEGAN<\/strong><\/p>\n<p><strong>Enth\u00e4lt weder Parabene noch Mineral\u00f6le, Natriumlaurylethersulfat (SLES), synthetische Duft- und Farbstoffe oder synthetische Konservierungsmittel.\u00a0<\/strong><\/p>\n<p><strong>Inhalt: 200ml<\/strong><\/p>\n<p><strong>Made in EU<\/strong><\/p>\n<p>&nbsp;<\/p>\n<h3><a href=\"http:\/\/www.kaerelskincare.com\/ingredienten\/\">BDIH Cosmos Natural zertificiert<\/a><\/h3>\n<p><a href=\"http:\/\/www.kaerelskincare.com\/ingredienten\/\">Ingredi\u00ebnten (INCI):<\/a><\/p>\n<p>Aqua (water), Alcohol, Glycerin,\u00a0Decyl Glucoside, Sodium Cocoyl Glutamate, Guar Hydroxypropyltrimonium Chloride, Parfum*, Xanthan Gum, Lactic Acid, Limonene<br \/>\n* from natural essential oils<\/p>\n","protected":false},"featured_media":3086,"comment_status":"open","ping_status":"closed","template":"","meta":{"_joinchat":[]},"product_brand":[],"product_cat":[193],"product_tag":[],"class_list":{"0":"post-2842","1":"product","2":"type-product","3":"status-publish","4":"has-post-thumbnail","6":"product_cat-geen-categorie-2-de","7":"description-off","9":"first","10":"instock","11":"shipping-taxable","12":"purchasable","13":"product-type-simple"},"_links":{"self":[{"href":"https:\/\/www.kaerelskincare.com\/de\/wp-json\/wp\/v2\/product\/2842","targetHints":{"allow":["GET"]}}],"collection":[{"href":"https:\/\/www.kaerelskincare.com\/de\/wp-json\/wp\/v2\/product"}],"about":[{"href":"https:\/\/www.kaerelskincare.com\/de\/wp-json\/wp\/v2\/types\/product"}],"replies":[{"embeddable":true,"href":"https:\/\/www.kaerelskincare.com\/de\/wp-json\/wp\/v2\/comments?post=2842"}],"wp:featuredmedia":[{"embeddable":true,"href":"https:\/\/www.kaerelskincare.com\/de\/wp-json\/wp\/v2\/media\/3086"}],"wp:attachment":[{"href":"https:\/\/www.kaerelskincare.com\/de\/wp-json\/wp\/v2\/media?parent=2842"}],"wp:term":[{"taxonomy":"product_brand","embeddable":true,"href":"https:\/\/www.kaerelskincare.com\/de\/wp-json\/wp\/v2\/product_brand?post=2842"},{"taxonomy":"product_cat","embeddable":true,"href":"https:\/\/www.kaerelskincare.com\/de\/wp-json\/wp\/v2\/product_cat?post=2842"},{"taxonomy":"product_tag","embeddable":true,"href":"https:\/\/www.kaerelskincare.com\/de\/wp-json\/wp\/v2\/product_tag?post=2842"}],"curies":[{"name":"wp","href":"https:\/\/api.w.org\/{rel}","templated":true}]}}