{"id":2825,"date":"2018-11-14T21:15:41","date_gmt":"2018-11-14T20:15:41","guid":{"rendered":"https:\/\/www.kaerelskincare.com\/winkel\/kaerel-deodorant\/"},"modified":"2025-06-08T23:24:53","modified_gmt":"2025-06-08T22:24:53","slug":"kaerel-deodorant","status":"publish","type":"product","link":"https:\/\/www.kaerelskincare.com\/de\/winkel\/kaerel-deodorant\/","title":{"rendered":"KAEREL DEODORANT"},"content":{"rendered":"","protected":false},"excerpt":{"rendered":"<h3><strong>NO SWEAT<\/strong><\/h3>\n<p>Nat\u00fcrliches Deodorant gegen Schwei\u00dfgeruch.<br \/>\nEgal wann. Kein Quatsch. #crapfreeforall<\/p>\n<h3><strong>DEODORANT OHNE ALUMINIUMSALZE<\/strong><\/h3>\n<p>Kaerel Deodorant reduziert Schwei\u00dfgeruch. Das Deo enth\u00e4lt unter anderem Squalan und pures Silber. Silber wirkt auf nat\u00fcrliche Art gegen Bakterien. Das beugt Schwei\u00dfgeruch vor, ohne die Hautporen zu verschlie\u00dfen.<\/p>\n<p>Anwendbar zu jeder Tageszeit, so oft, wie Sie wollen.<\/p>\n<p>&nbsp;<\/p>\n<p><strong>Inhalt: \u00a0\u00a0 75ml<\/strong><\/p>\n<p><strong>VEGAN<\/strong><\/p>\n<p><strong>Enth\u00e4lt weder Parabene noch Mineral\u00f6le, Natriumlaurylethersulfat (SLES), synthetische Duft- und Farbstoffe oder synthetische Konservierungsmittel.\u00a0<\/strong><\/p>\n<p><strong>Made in EU.<\/strong><\/p>\n<h3><a href=\"https:\/\/www.kaerelskincare.com\/ingredienten\/\"><strong>BDIH Cosmos Natural zertificiert<\/strong><\/a><\/h3>\n<p><a href=\"https:\/\/www.kaerelskincare.com\/ingredienten\/\"><strong>Ingredients (INCI)<\/strong>:<\/a><br \/>\nAqua (water), Potassium Alum, Squalane, Glycerin, Triethylcitrate, C14-22 Alcohol, C12-20 Alkyl Glucoside, Silver, Citric Acid, Silver Citrate, Parfum*(fragrance), Sklerotium Gum, Sodium Hydroxide, Citral, Limonene, Linalool<br \/>\n* from natural essential oils<\/p>\n","protected":false},"featured_media":3110,"comment_status":"open","ping_status":"closed","template":"","meta":{"_joinchat":[]},"product_brand":[],"product_cat":[187],"product_tag":[188],"class_list":{"0":"post-2825","1":"product","2":"type-product","3":"status-publish","4":"has-post-thumbnail","6":"product_cat-geen-onderdeel-van-een-categorie-de","7":"product_tag-deodorant-de","8":"description-off","10":"first","11":"instock","12":"shipping-taxable","13":"purchasable","14":"product-type-simple"},"_links":{"self":[{"href":"https:\/\/www.kaerelskincare.com\/de\/wp-json\/wp\/v2\/product\/2825","targetHints":{"allow":["GET"]}}],"collection":[{"href":"https:\/\/www.kaerelskincare.com\/de\/wp-json\/wp\/v2\/product"}],"about":[{"href":"https:\/\/www.kaerelskincare.com\/de\/wp-json\/wp\/v2\/types\/product"}],"replies":[{"embeddable":true,"href":"https:\/\/www.kaerelskincare.com\/de\/wp-json\/wp\/v2\/comments?post=2825"}],"wp:featuredmedia":[{"embeddable":true,"href":"https:\/\/www.kaerelskincare.com\/de\/wp-json\/wp\/v2\/media\/3110"}],"wp:attachment":[{"href":"https:\/\/www.kaerelskincare.com\/de\/wp-json\/wp\/v2\/media?parent=2825"}],"wp:term":[{"taxonomy":"product_brand","embeddable":true,"href":"https:\/\/www.kaerelskincare.com\/de\/wp-json\/wp\/v2\/product_brand?post=2825"},{"taxonomy":"product_cat","embeddable":true,"href":"https:\/\/www.kaerelskincare.com\/de\/wp-json\/wp\/v2\/product_cat?post=2825"},{"taxonomy":"product_tag","embeddable":true,"href":"https:\/\/www.kaerelskincare.com\/de\/wp-json\/wp\/v2\/product_tag?post=2825"}],"curies":[{"name":"wp","href":"https:\/\/api.w.org\/{rel}","templated":true}]}}