{"id":2975,"date":"2017-03-29T08:45:37","date_gmt":"2017-03-29T07:45:37","guid":{"rendered":"https:\/\/www.kaerelskincare.com\/privacy-statement\/"},"modified":"2022-02-10T16:26:00","modified_gmt":"2022-02-10T15:26:00","slug":"datenschutzerklarung","status":"publish","type":"page","link":"https:\/\/www.kaerelskincare.com\/de\/datenschutzerklarung\/","title":{"rendered":"DATENSCHUTZERKL\u00c4RUNG"},"content":{"rendered":"<div class=\"wpb-content-wrapper\"><p>[vc_row type=&#8221;vc_default&#8221; css=&#8221;.vc_custom_1497364248220{margin-top: -40px !important;}&#8221;][vc_column]<div class=\"dt-fancy-separator title-left h2-size style-disabled title-color\" style=\"width: 100%;\"><div class=\"dt-fancy-title\"><span class=\"separator-holder separator-left\"><\/span>DATENSCHUTZENKL\u00c4RUNG<span class=\"separator-holder separator-right\"><\/span><\/div><\/div>[vc_empty_space height=&#8221;20px&#8221;][vc_column_text]<\/p>\n<h3>Ihre Privatsph\u00e4re ist uns sehr wichtig.<\/h3>\n<p>Wir sch\u00e4tzen Ihre Privatsph\u00e4re. Alle personenbezogenen Daten werden daher mit Sorgfalt behandelt. Wir halten uns strikt an die Rechtsvorschriften, die f\u00fcr personenbezogene Daten gelten.<\/p>\n<p>Kaerel Skin Care verwendet die gesammelten Informationen f\u00fcr die folgenden Zwecke:<\/p>\n<ul>\n<li>Wenn Sie eine Bestellung aufgeben, ben\u00f6tigen wir Ihren Namen, Ihre E-Mail-Adresse, Lieferadresse und Zahlungsdetails. Dies, um Ihre Bestellung zu bearbeiten und Sie \u00fcber den Fortschritt zu informieren.<\/li>\n<li>F\u00fcr den Versand der kostenlosen Tester ben\u00f6tigen wir Ihren Namen, Ihre Lieferadresse und bei R\u00fcckfragen Ihre Mailadresse. Dadurch wird Ihre Anfrage ordnungsgem\u00e4\u00df bearbeitet.<\/li>\n<li>Kaerel Skin Care verwendet sogenannte Cookies, um Sie als Benutzer leichter zu erkennen, wie oft www.kaerelskincare.com besucht wird und \u00fcber welche Links dies geschieht. Die Informationen, die wir auf diese Weise erhalten, werden streng vertraulich behandelt.<\/li>\n<\/ul>\n<h4>Pers\u00f6nliche Daten einsehen , anpassen und\/oder l\u00f6schen<\/h4>\n<p>Sie haben das Recht, Ihre pers\u00f6nlichen Daten einzusehen, zu \u00e4ndern und\/oder zu l\u00f6schen. Dar\u00fcber hinaus haben Sie das Recht, eine Einwilligung zur Verarbeitung personenbezogener Daten zu erhalten oder der Verarbeitung der personenbezogenen Daten durch Kaerel Skin Care zu widersprechen. Au\u00dferdem haben Sie das Recht auf Daten\u00fcbertragbarkeit. Dies bedeutet, dass Sie beantragen k\u00f6nnen, dass Ihre personenbezogenen Daten, die Kaerel Skin Care in einer Computerdatei gespeichert hat, an Sie oder eine andere von Ihnen angegebene Stelle gesendet werden.<\/p>\n<p>Antr\u00e4ge auf Zugriff, \u00c4nderungen, L\u00f6schung und\/oder Daten\u00fcbertragbarkeit k\u00f6nnen an info@kaerelskincare.com gesendet werden. Bei einem Antrag auf Zugang, \u00c4nderung, L\u00f6schung und\/oder Daten\u00fcbertragbarkeit fordern wir eine Kopie Ihres Ausweises an. Senden Sie Ihren Lichtbildausweis und vergessen Sie nicht, die BSN-Nummer und die Dokumentennummer zu vertuschen.<\/p>\n<h4>Aufbewahrungsdauer der Daten<\/h4>\n<p>Kaerel Skin Care speichert die personenbezogenen Daten nicht l\u00e4nger als unbedingt erforderlich. Dies ist bis zu 7 Jahre die gesetzlich vorgeschriebene Aufbewahrungsfrist f\u00fcr Instanzen der Finanzbeh\u00f6rden.<\/p>\n<h4>Wichtig: Wir verkaufen niemals Daten an Dritte.<\/h4>\n<p>Kaerel Skin Care wird Ihre personenbezogenen Daten niemals an Dritte verkaufen und diese Daten nur Dritten zur Verf\u00fcgung stellen, die an der Ausf\u00fchrung Ihrer Bestellung und Zahlung beteiligt sind. Unsere Mitarbeiter und von uns beauftragte Dritte sind verpflichtet, die Vertraulichkeit Ihrer Daten zu wahren.<\/p>\n<h4>Fragen zu unserer Datenschutzerkl\u00e4rung?<\/h4>\n<p>Wenn Sie Fragen zu unserer Datenschutzrichtlinie haben, k\u00f6nnen Sie uns \u00fcber das<a href=\"https:\/\/www.kaerelskincare.com\/de\/kontakt\/\"> Kontaktformular<\/a> kontaktieren oder uns eine E-Mail an info@kaerelskincare.com senden[\/vc_column_text][\/vc_column][\/vc_row][vc_row][vc_column][vc_column_text]<\/p>\n<p>&nbsp;<\/p>\n<p>[\/vc_column_text][\/vc_column][\/vc_row][vc_row type=&#8221;vc_default&#8221; full_width=&#8221;stretch_row&#8221; css=&#8221;.vc_custom_1490689925373{margin-bottom: -65px !important;background-color: #000000 !important;}&#8221;][vc_column][vc_row_inner][vc_column_inner width=&#8221;1\/3&#8243;][\/vc_column_inner][vc_column_inner width=&#8221;1\/3&#8243;][vc_single_image image=&#8221;952&#8243; img_size=&#8221;full&#8221; alignment=&#8221;center&#8221;][\/vc_column_inner][vc_column_inner width=&#8221;1\/3&#8243;][\/vc_column_inner][\/vc_row_inner][\/vc_column][\/vc_row]<\/p>\n<\/div>","protected":false},"excerpt":{"rendered":"<p>[vc_row type=&#8221;vc_default&#8221; css=&#8221;.vc_custom_1497364248220{margin-top: -40px !important;}&#8221;][vc_column][vc_empty_space height=&#8221;20px&#8221;][vc_column_text] Ihre Privatsph\u00e4re ist uns sehr wichtig. Wir sch\u00e4tzen Ihre Privatsph\u00e4re. Alle personenbezogenen Daten werden daher mit Sorgfalt behandelt. Wir halten uns strikt an die Rechtsvorschriften, die f\u00fcr personenbezogene Daten gelten. Kaerel Skin Care verwendet die gesammelten Informationen f\u00fcr die folgenden Zwecke: Wenn Sie eine Bestellung aufgeben, ben\u00f6tigen wir Ihren&hellip;<\/p>\n","protected":false},"author":3,"featured_media":0,"parent":0,"menu_order":0,"comment_status":"closed","ping_status":"closed","template":"","meta":{"_joinchat":[],"footnotes":""},"class_list":["post-2975","page","type-page","status-publish","hentry","description-off"],"_links":{"self":[{"href":"https:\/\/www.kaerelskincare.com\/de\/wp-json\/wp\/v2\/pages\/2975","targetHints":{"allow":["GET"]}}],"collection":[{"href":"https:\/\/www.kaerelskincare.com\/de\/wp-json\/wp\/v2\/pages"}],"about":[{"href":"https:\/\/www.kaerelskincare.com\/de\/wp-json\/wp\/v2\/types\/page"}],"author":[{"embeddable":true,"href":"https:\/\/www.kaerelskincare.com\/de\/wp-json\/wp\/v2\/users\/3"}],"replies":[{"embeddable":true,"href":"https:\/\/www.kaerelskincare.com\/de\/wp-json\/wp\/v2\/comments?post=2975"}],"version-history":[{"count":3,"href":"https:\/\/www.kaerelskincare.com\/de\/wp-json\/wp\/v2\/pages\/2975\/revisions"}],"predecessor-version":[{"id":2978,"href":"https:\/\/www.kaerelskincare.com\/de\/wp-json\/wp\/v2\/pages\/2975\/revisions\/2978"}],"wp:attachment":[{"href":"https:\/\/www.kaerelskincare.com\/de\/wp-json\/wp\/v2\/media?parent=2975"}],"curies":[{"name":"wp","href":"https:\/\/api.w.org\/{rel}","templated":true}]}}