{"id":2965,"date":"2017-03-29T08:49:32","date_gmt":"2017-03-29T07:49:32","guid":{"rendered":"https:\/\/www.kaerelskincare.com\/verzendkosten\/"},"modified":"2022-02-10T16:11:11","modified_gmt":"2022-02-10T15:11:11","slug":"versandkosten","status":"publish","type":"page","link":"https:\/\/www.kaerelskincare.com\/de\/versandkosten\/","title":{"rendered":"VERSANDKOSTEN"},"content":{"rendered":"<div class=\"wpb-content-wrapper\"><p>[vc_row type=&#8221;vc_default&#8221; css=&#8221;.vc_custom_1497363243635{margin-top: -40px !important;}&#8221;][vc_column]<div class=\"dt-fancy-separator title-left h2-size style-disabled title-color\" style=\"width: 100%;\"><div class=\"dt-fancy-title\"><span class=\"separator-holder separator-left\"><\/span>VERSANDKOSTEN<span class=\"separator-holder separator-right\"><\/span><\/div><\/div>[vc_empty_space height=&#8221;20px&#8221;][vc_column_text]Bei Bestellungen ab 50,- \u20ac ist der Versand in NL und BE kostenlos. Liegt der Bestellwert darunter, betragen die Versandkosten:<\/p>\n<ul>\n<li>Niederlande 4,95 \u20ac<\/li>\n<li>Belgien\u00a0 \u00a0 \u00a0 \u00a0 \u00a06,95 \u20ac<\/li>\n<li>Deutschland 6,95 \u20ac<\/li>\n<\/ul>\n<p>In den folgenden L\u00e4ndern ist der Versand bei Bestellungen ab 75,- \u20ac kostenlos. Liegt der Bestellwert darunter, betragen die Versandkosten:<\/p>\n<ul>\n<li>\u00d6sterreich\u00a0 \u00a0 \u00a0 \u00a0 9,95 \u20ac<\/li>\n<li>Luxemburg\u00a0 \u00a0 \u00a0 \u00a09,95 \u20ac<\/li>\n<li>Frankreich\u00a0 \u00a0 \u00a0 \u00a0 9,95 \u20ac<\/li>\n<li>Gro\u00dfbritannien 9,95 \u20ac<\/li>\n<li>D\u00e4nemark\u00a0 \u00a0 \u00a0 \u00a0 \u00a09,95 \u20ac<\/li>\n<li>Schweden\u00a0 \u00a0 \u00a0 \u00a0 \u00a09,95 \u20ac<\/li>\n<\/ul>\n<p>Wollen Sie etwas zu den Versandkosten in andere L\u00e4nder wissen? Kontaktieren Sie uns dann \u00fcber das\u00a0<a href=\"https:\/\/www.kaerelskincare.com\/de\/contact\/\">Kontaktformular<\/a> oder schicken Sie eine E-Mail an\u00a0<a href=\"mailto:info@kaerelskincare.com\">info@kaerelskincare.com<\/a><\/p>\n<p>&nbsp;<\/p>\n<p><strong>R\u00fcckgabebedingungen<\/strong><\/p>\n<p>Ab dem Moment, wo Sie Ihre Bestellung erhalten haben, haben Sie 30 Kalendertage Bedenkzeit. Innerhalb dieser 30 Kalendertage k\u00f6nnen Sie die Produkte an folgende Adresse zur\u00fcckschicken:<\/p>\n<p>Kaerel Skin Care<br \/>\nCatharijnesingel 90<br \/>\n3511 GR Utrecht<br \/>\nNiederlande<\/p>\n<p>Die Produkte m\u00fcssen unge\u00f6ffnet und unbesch\u00e4digt zur\u00fcckgeschickt werden. Kaerel Skin Care bestimmt, ob das Produkt diese Bedingungen erf\u00fcllt. Wenn dies der Fall ist, wird der Kaufbetrag binnen 14 Kalendertagen auf Ihr Konto \u00fcberwiesen.<\/p>\n<p>Die Kosten f\u00fcr die R\u00fcckgabe gehen zu Lasten des Verbrauchers.[\/vc_column_text][\/vc_column][\/vc_row][vc_row][vc_column][vc_column_text]<\/p>\n<p>[\/vc_column_text][\/vc_column][\/vc_row][vc_row type=&#8221;vc_default&#8221; full_width=&#8221;stretch_row&#8221; css=&#8221;.vc_custom_1490689925373{margin-bottom: -65px !important;background-color: #000000 !important;}&#8221;][vc_column][vc_row_inner][vc_column_inner width=&#8221;1\/3&#8243;][\/vc_column_inner][vc_column_inner width=&#8221;1\/3&#8243;][vc_single_image image=&#8221;951&#8243; img_size=&#8221;full&#8221; alignment=&#8221;center&#8221;][\/vc_column_inner][vc_column_inner width=&#8221;1\/3&#8243;][\/vc_column_inner][\/vc_row_inner][\/vc_column][\/vc_row]<\/p>\n<\/div>","protected":false},"excerpt":{"rendered":"<p>[vc_row type=&#8221;vc_default&#8221; css=&#8221;.vc_custom_1497363243635{margin-top: -40px !important;}&#8221;][vc_column][vc_empty_space height=&#8221;20px&#8221;][vc_column_text]Bei Bestellungen ab 50,- \u20ac ist der Versand in NL und BE kostenlos. Liegt der Bestellwert darunter, betragen die Versandkosten: Niederlande 4,95 \u20ac Belgien\u00a0 \u00a0 \u00a0 \u00a0 \u00a06,95 \u20ac Deutschland 6,95 \u20ac In den folgenden L\u00e4ndern ist der Versand bei Bestellungen ab 75,- \u20ac kostenlos. Liegt der Bestellwert darunter, betragen&hellip;<\/p>\n","protected":false},"author":3,"featured_media":0,"parent":0,"menu_order":0,"comment_status":"closed","ping_status":"closed","template":"","meta":{"_joinchat":[],"footnotes":""},"class_list":["post-2965","page","type-page","status-publish","hentry","description-off"],"_links":{"self":[{"href":"https:\/\/www.kaerelskincare.com\/de\/wp-json\/wp\/v2\/pages\/2965","targetHints":{"allow":["GET"]}}],"collection":[{"href":"https:\/\/www.kaerelskincare.com\/de\/wp-json\/wp\/v2\/pages"}],"about":[{"href":"https:\/\/www.kaerelskincare.com\/de\/wp-json\/wp\/v2\/types\/page"}],"author":[{"embeddable":true,"href":"https:\/\/www.kaerelskincare.com\/de\/wp-json\/wp\/v2\/users\/3"}],"replies":[{"embeddable":true,"href":"https:\/\/www.kaerelskincare.com\/de\/wp-json\/wp\/v2\/comments?post=2965"}],"version-history":[{"count":3,"href":"https:\/\/www.kaerelskincare.com\/de\/wp-json\/wp\/v2\/pages\/2965\/revisions"}],"predecessor-version":[{"id":2968,"href":"https:\/\/www.kaerelskincare.com\/de\/wp-json\/wp\/v2\/pages\/2965\/revisions\/2968"}],"wp:attachment":[{"href":"https:\/\/www.kaerelskincare.com\/de\/wp-json\/wp\/v2\/media?parent=2965"}],"curies":[{"name":"wp","href":"https:\/\/api.w.org\/{rel}","templated":true}]}}