{"id":2956,"date":"2017-03-28T08:59:07","date_gmt":"2017-03-28T07:59:07","guid":{"rendered":"https:\/\/www.kaerelskincare.com\/about\/"},"modified":"2022-11-01T15:55:43","modified_gmt":"2022-11-01T14:55:43","slug":"uber","status":"publish","type":"page","link":"https:\/\/www.kaerelskincare.com\/de\/uber\/","title":{"rendered":"\u00dcBER"},"content":{"rendered":"<div class=\"wpb-content-wrapper\"><p>[vc_row type=&#8221;vc_default&#8221; full_width=&#8221;stretch_row_content_no_spaces&#8221; full_height=&#8221;yes&#8221; bg_type=&#8221;image&#8221; parallax_style=&#8221;vcpb-default&#8221; bg_image_new=&#8221;id^1014|url^http:\/\/www.kaerelskincare.com\/wp-content\/uploads\/2017\/03\/DSC2259-1920.jpg|caption^null|alt^null|title^_DSC2259-1920|description^null&#8221; bg_img_attach=&#8221;fixed&#8221; css=&#8221;.vc_custom_1490966610494{margin-top: -60px !important;}&#8221;][vc_column][vc_empty_space height=&#8221;256px&#8221;][vc_row_inner el_id=&#8221;over&#8221;][vc_column_inner width=&#8221;1\/3&#8243;][\/vc_column_inner][vc_column_inner width=&#8221;1\/3&#8243; css=&#8221;.vc_custom_1555424001106{background-color: #ffffff !important;border: 1px solid #aaaaaa !important;}&#8221;]<div class=\"dt-fancy-separator h2-size style-disabled title-color\" style=\"width: 100%;\"><div class=\"dt-fancy-title\"><span class=\"separator-holder separator-left\"><\/span>\u00dcBER KAEREL<span class=\"separator-holder separator-right\"><\/span><\/div><\/div>[vc_empty_space height=&#8221;8px&#8221;][vc_column_text]<\/p>\n<p style=\"text-align: center;\"><strong>KAEREL DARES TO CARE<\/strong><\/p>\n<p style=\"text-align: center;\"><strong>Crap free. Nat\u00fcrlich. Ohne Quatsch.<\/strong><\/p>\n<p style=\"text-align: center;\">Das war die Idee, als Kaerel 2017 in Utrecht das Licht der Welt erblickte. Und diese Idee wurde ausgearbeitet und das Produkt hergestellt.<\/p>\n<p style=\"text-align: center;\">Kaerel macht es M\u00e4nnern leicht, gut f\u00fcr sich selbst und gleichzeitig die Natur zu sorgen. Und das tun wir, indem wir starke, nat\u00fcrliche Produkte speziell f\u00fcr M\u00e4nner herstellen.<\/p>\n<p style=\"text-align: center;\">Gut f\u00fcr Sie, gut f\u00fcr die Natur.<\/p>\n<p style=\"text-align: center;\">Das ist unsere Mission.<\/p>\n<p style=\"text-align: center;\"><strong>#crapfreeforall<\/strong><\/p>\n<p>[\/vc_column_text][\/vc_column_inner][vc_column_inner width=&#8221;1\/3&#8243;][\/vc_column_inner][\/vc_row_inner][vc_empty_space height=&#8221;200px&#8221;][\/vc_column][\/vc_row][vc_row type=&#8221;vc_default&#8221; full_width=&#8221;stretch_row_content_no_spaces&#8221; full_height=&#8221;yes&#8221; bg_type=&#8221;image&#8221; parallax_style=&#8221;vcpb-default&#8221; bg_image_new=&#8221;id^1018|url^http:\/\/www.kaerelskincare.com\/wp-content\/uploads\/2017\/03\/DSC2466-1920.jpg|caption^null|alt^null|title^_DSC2466-1920|description^null&#8221; bg_img_attach=&#8221;fixed&#8221; el_id=&#8221;plastic&#8221;][vc_column][vc_empty_space height=&#8221;200px&#8221;][vc_row_inner][vc_column_inner width=&#8221;1\/3&#8243;][\/vc_column_inner][vc_column_inner width=&#8221;1\/3&#8243;][vc_column_text css=&#8221;.vc_custom_1667314297748{background-color: #ffffff !important;}&#8221;]<\/p>\n<h2 style=\"text-align: center;\">MAKING IMPACT<\/h2>\n<h3 style=\"text-align: center;\">Die Wahrheit ist, dass Kaerel einen CO2-Fu\u00dfabdruck hinterl\u00e4sst.<br \/>\nCRAP.<\/h3>\n<p style=\"text-align: center;\">Kaerel geht jedoch f\u00fcr CRAP FREE.<\/p>\n<p style=\"text-align: center;\">Um unseren CO2-Fu\u00dfabdruck auszugleichen, sind wir eine Partnerschaft mit Greenspark eingegangen. Infolgedessen spenden wir f\u00fcr verschiedene Projekte mit sozialen und nat\u00fcrlichen Zwecken, wie das Pflanzen von B\u00e4umen, die Reinigung von Fl\u00fcssen und die Unterst\u00fctzung der lokalen Bev\u00f6lkerung, um ein Einkommen zu erzielen.<\/p>\n<p style=\"text-align: center;\">#crapfreeforall<\/p>\n<p>[\/vc_column_text][vc_raw_html]JTNDYSUyMGhyZWYlM0QlMjJodHRwcyUzQSUyRiUyRmFwcC5nZXRncmVlbnNwYXJrLmNvbSUyRmRhc2hib2FyZCUyRjE2NDMyOTU1MDE3MjklMkZrYWVyZWwtc2tpbi1jYXJlJTNGdXRtX3NvdXJjZSUzRGthZXJlbC1za2luLWNhcmUlMjIlMjByZWwlM0QlMjJub2ZvbGxvdyUyMiUyMHRhcmdldCUzRCUyMl9ibGFuayUyMiUyMHN0eWxlJTNEJTIyYm9yZGVyJTNBJTIwMCUzQiUyMiUzRSUzQ2ltZyUyMGxvYWRpbmclM0QlMjJsYXp5JTIyJTIwc3R5bGUlM0QlMjJtYXgtd2lkdGglM0ExMDAlMjUlM0IlMjBtYXgtaGVpZ2h0JTNBMTUwcHglM0IlMjIlMjBzcmMlM0QlMjJodHRwcyUzQSUyRiUyRmdldC1tYWRzLmZyYTEuZGlnaXRhbG9jZWFuc3BhY2VzLmNvbSUyRnBsYXN0aWNfdHJlZV9iZWlnZSUyRnBldGl0JTI2am9saWUtYi52LjAlMjIlMjBhbHQlM0QlMjJHcmVlbnNwYXJrJTIwJTdDJTIwUGxhc3RpYyUyMCUyNiUyMENhcmJvbiUyME9mZnNldCUyMiUyMCUyRiUzRSUzQyUyRmElM0U=[\/vc_raw_html][\/vc_column_inner][\/vc_row_inner][vc_empty_space height=&#8221;256px&#8221;][\/vc_column][\/vc_row][vc_row type=&#8221;vc_default&#8221; full_width=&#8221;stretch_row&#8221; css=&#8221;.vc_custom_1490689925373{margin-bottom: -65px !important;background-color: #000000 !important;}&#8221;][vc_column][vc_row_inner][vc_column_inner width=&#8221;1\/3&#8243;][\/vc_column_inner][vc_column_inner width=&#8221;1\/3&#8243;][\/vc_column_inner][\/vc_row_inner][\/vc_column][\/vc_row]<\/p>\n<\/div>","protected":false},"excerpt":{"rendered":"<p>[vc_row type=&#8221;vc_default&#8221; full_width=&#8221;stretch_row_content_no_spaces&#8221; full_height=&#8221;yes&#8221; bg_type=&#8221;image&#8221; parallax_style=&#8221;vcpb-default&#8221; bg_image_new=&#8221;id^1014|url^http:\/\/www.kaerelskincare.com\/wp-content\/uploads\/2017\/03\/DSC2259-1920.jpg|caption^null|alt^null|title^_DSC2259-1920|description^null&#8221; bg_img_attach=&#8221;fixed&#8221; css=&#8221;.vc_custom_1490966610494{margin-top: -60px !important;}&#8221;][vc_column][vc_empty_space height=&#8221;256px&#8221;][vc_row_inner el_id=&#8221;over&#8221;][vc_column_inner width=&#8221;1\/3&#8243;][\/vc_column_inner][vc_column_inner width=&#8221;1\/3&#8243; css=&#8221;.vc_custom_1555424001106{background-color: #ffffff !important;border: 1px solid #aaaaaa !important;}&#8221;][vc_empty_space height=&#8221;8px&#8221;][vc_column_text] KAEREL DARES TO CARE Crap free. Nat\u00fcrlich. Ohne Quatsch. Das war die Idee, als Kaerel 2017 in Utrecht das Licht der Welt erblickte. Und diese Idee wurde ausgearbeitet und das Produkt hergestellt.&hellip;<\/p>\n","protected":false},"author":3,"featured_media":0,"parent":0,"menu_order":0,"comment_status":"closed","ping_status":"closed","template":"","meta":{"_joinchat":[],"footnotes":""},"class_list":["post-2956","page","type-page","status-publish","hentry","description-off"],"_links":{"self":[{"href":"https:\/\/www.kaerelskincare.com\/de\/wp-json\/wp\/v2\/pages\/2956","targetHints":{"allow":["GET"]}}],"collection":[{"href":"https:\/\/www.kaerelskincare.com\/de\/wp-json\/wp\/v2\/pages"}],"about":[{"href":"https:\/\/www.kaerelskincare.com\/de\/wp-json\/wp\/v2\/types\/page"}],"author":[{"embeddable":true,"href":"https:\/\/www.kaerelskincare.com\/de\/wp-json\/wp\/v2\/users\/3"}],"replies":[{"embeddable":true,"href":"https:\/\/www.kaerelskincare.com\/de\/wp-json\/wp\/v2\/comments?post=2956"}],"version-history":[{"count":7,"href":"https:\/\/www.kaerelskincare.com\/de\/wp-json\/wp\/v2\/pages\/2956\/revisions"}],"predecessor-version":[{"id":3250,"href":"https:\/\/www.kaerelskincare.com\/de\/wp-json\/wp\/v2\/pages\/2956\/revisions\/3250"}],"wp:attachment":[{"href":"https:\/\/www.kaerelskincare.com\/de\/wp-json\/wp\/v2\/media?parent=2956"}],"curies":[{"name":"wp","href":"https:\/\/api.w.org\/{rel}","templated":true}]}}